{"id":4769,"date":"2026-03-23T09:35:35","date_gmt":"2026-03-23T12:35:35","guid":{"rendered":"https:\/\/controller360.com.br\/?page_id=4769"},"modified":"2026-04-11T12:03:36","modified_gmt":"2026-04-11T15:03:36","slug":"docs","status":"publish","type":"page","link":"https:\/\/controller360.com.br\/?page_id=4769","title":{"rendered":"Docs"},"content":{"rendered":"\n<div\n\tclass=\"betterdocs-category-box-wrapper betterdocs-blocks-grid betterdocs-box-layout-4 betterdocs-blocks betterdocs-categorybox-txkyevy\">\n\t<div\n\t\tclass=\"betterdocs-category-box-inner-wrapper layout-4 docs-col-4 single-kb betterdocs-categories-folder layout-4 single-kb\" style=\"--column: 3;--count: 6;--reminder: 0;\">\n\t\t\n<a\n\thref=\"https:\/\/controller360.com.br\/?doc_category=implantacao\" data-id=\"7\" class=\"category-box category-implantacao layout-4\">\n\t<div class=\"betterdocs-single-category-inner\">\n\t\t\n<div class=\"betterdocs-category-header\">\n\t<div class=\"betterdocs-category-header-inner\">\n\t\t\n<div class=\"betterdocs-category-icon\">\n\t<span class=\"betterdocs-folder-icon\"><img decoding=\"async\" alt=\"\" class=\"betterdocs-category-folder-img\" src=\"https:\/\/controller360.com.br\/wp-content\/uploads\/2023\/03\/icons8-software-installer-96.png\" \/><\/span><\/div>\n<div class=\"betterdocs-dynamic-wrapper betterdocs-category-title-counts\"><h2 class=\"betterdocs-category-title\">Implanta\u00e7\u00e3o<\/h2>\n<div data-count=\"7\" class=\"betterdocs-sub-category-items-counts\">\n\t\t<span>\n\t\t 7 Documentos\t<\/span>\n<\/div>\n<p class=\"betterdocs-last-update\">\n\t\u00daltima atualiza\u00e7\u00e3o: 8 de julho de 2025<\/p>\n\n<\/div>\t<\/div>\n<\/div>\n\t<\/div>\n<\/a>\n\n<a\n\thref=\"https:\/\/controller360.com.br\/?doc_category=controladoria\" data-id=\"8\" class=\"category-box category-controladoria layout-4\">\n\t<div class=\"betterdocs-single-category-inner\">\n\t\t\n<div class=\"betterdocs-category-header\">\n\t<div class=\"betterdocs-category-header-inner\">\n\t\t\n<div class=\"betterdocs-category-icon\">\n\t<span class=\"betterdocs-folder-icon\"><img decoding=\"async\" alt=\"\" class=\"betterdocs-category-folder-img\" src=\"https:\/\/controller360.com.br\/wp-content\/uploads\/2023\/03\/icons8-heart-with-pulse-96.png\" \/><\/span><\/div>\n<div class=\"betterdocs-dynamic-wrapper betterdocs-category-title-counts\"><h2 class=\"betterdocs-category-title\">Controladoria<\/h2>\n<div data-count=\"9\" class=\"betterdocs-sub-category-items-counts\">\n\t\t<span>\n\t\t 9 Documentos\t<\/span>\n<\/div>\n<p class=\"betterdocs-last-update\">\n\t\u00daltima atualiza\u00e7\u00e3o: 13 de abril de 2026<\/p>\n\n<\/div>\t<\/div>\n<\/div>\n\t<\/div>\n<\/a>\n\n<a\n\thref=\"https:\/\/controller360.com.br\/?doc_category=analytics\" data-id=\"24\" class=\"category-box category-analytics layout-4 no-border-right\">\n\t<div class=\"betterdocs-single-category-inner\">\n\t\t\n<div class=\"betterdocs-category-header\">\n\t<div class=\"betterdocs-category-header-inner\">\n\t\t\n<div class=\"betterdocs-category-icon\">\n\t<span class=\"betterdocs-folder-icon\"><img decoding=\"async\" alt=\"\" class=\"betterdocs-category-folder-img\" src=\"https:\/\/controller360.com.br\/wp-content\/uploads\/2023\/03\/menuAnalytics48v1.png\" \/><\/span><\/div>\n<div class=\"betterdocs-dynamic-wrapper betterdocs-category-title-counts\"><h2 class=\"betterdocs-category-title\">Analytics<\/h2>\n<div data-count=\"8\" class=\"betterdocs-sub-category-items-counts\">\n\t\t<span>\n\t\t 8 Documentos\t<\/span>\n<\/div>\n<p class=\"betterdocs-last-update\">\n\t\u00daltima atualiza\u00e7\u00e3o: 6 de abril de 2026<\/p>\n\n<\/div>\t<\/div>\n<\/div>\n\t<\/div>\n<\/a>\n\n<a\n\thref=\"https:\/\/controller360.com.br\/?doc_category=apuracao-resultado\" data-id=\"9\" class=\"category-box category-apuracao-resultado layout-4 no-border-bottom\">\n\t<div class=\"betterdocs-single-category-inner\">\n\t\t\n<div class=\"betterdocs-category-header\">\n\t<div class=\"betterdocs-category-header-inner\">\n\t\t\n<div class=\"betterdocs-category-icon\">\n\t<span class=\"betterdocs-folder-icon\"><img decoding=\"async\" alt=\"\" class=\"betterdocs-category-folder-img\" src=\"https:\/\/controller360.com.br\/wp-content\/uploads\/2022\/05\/icons8-copybook-96.png\" \/><\/span><\/div>\n<div class=\"betterdocs-dynamic-wrapper betterdocs-category-title-counts\"><h2 class=\"betterdocs-category-title\">Apura\u00e7\u00e3o de Resultado<\/h2>\n<div data-count=\"7\" class=\"betterdocs-sub-category-items-counts\">\n\t\t<span>\n\t\t 7 Documentos\t<\/span>\n<\/div>\n<p class=\"betterdocs-last-update\">\n\t\u00daltima atualiza\u00e7\u00e3o: 3 de julho de 2025<\/p>\n\n<\/div>\t<\/div>\n<\/div>\n\t<\/div>\n<\/a>\n\n<a\n\thref=\"https:\/\/controller360.com.br\/?doc_category=ferramentas\" data-id=\"42\" class=\"category-box category-ferramentas layout-4 no-border-bottom\">\n\t<div class=\"betterdocs-single-category-inner\">\n\t\t\n<div class=\"betterdocs-category-header\">\n\t<div class=\"betterdocs-category-header-inner\">\n\t\t\n<div class=\"betterdocs-category-icon\">\n\t<span class=\"betterdocs-folder-icon\"><img decoding=\"async\" alt=\"\" class=\"betterdocs-category-folder-img\" src=\"https:\/\/controller360.com.br\/wp-content\/uploads\/2025\/02\/icons8-tools-96.png\" \/><\/span><\/div>\n<div class=\"betterdocs-dynamic-wrapper betterdocs-category-title-counts\"><h2 class=\"betterdocs-category-title\">Ferramentas de Produtividade<\/h2>\n<div data-count=\"2\" class=\"betterdocs-sub-category-items-counts\">\n\t\t<span>\n\t\t 2 Documentos\t<\/span>\n<\/div>\n<p class=\"betterdocs-last-update\">\n\t\u00daltima atualiza\u00e7\u00e3o: 3 de julho de 2025<\/p>\n\n<\/div>\t<\/div>\n<\/div>\n\t<\/div>\n<\/a>\n\n<a\n\thref=\"https:\/\/controller360.com.br\/?doc_category=configuracoes\" data-id=\"10\" class=\"category-box category-configuracoes layout-4 no-border-right no-border-bottom\">\n\t<div class=\"betterdocs-single-category-inner\">\n\t\t\n<div class=\"betterdocs-category-header\">\n\t<div class=\"betterdocs-category-header-inner\">\n\t\t\n<div class=\"betterdocs-category-icon\">\n\t<span class=\"betterdocs-folder-icon\"><img decoding=\"async\" alt=\"\" class=\"betterdocs-category-folder-img\" src=\"https:\/\/controller360.com.br\/wp-content\/uploads\/2022\/05\/icons8-settings-144.png\" \/><\/span><\/div>\n<div class=\"betterdocs-dynamic-wrapper betterdocs-category-title-counts\"><h2 class=\"betterdocs-category-title\">Configura\u00e7\u00f5es<\/h2>\n<div data-count=\"12\" class=\"betterdocs-sub-category-items-counts\">\n\t\t<span>\n\t\t 12 Documentos\t<\/span>\n<\/div>\n<p class=\"betterdocs-last-update\">\n\t\u00daltima atualiza\u00e7\u00e3o: 18 de dezembro de 2025<\/p>\n\n<\/div>\t<\/div>\n<\/div>\n\t<\/div>\n<\/a>\n\t<\/div>\n\t\t<div class=\"clearfix\"><\/div>\n\t<\/div>\n\n\n\n<p><\/p>\n","protected":false},"excerpt":{"rendered":"","protected":false},"author":3,"featured_media":0,"parent":0,"menu_order":0,"comment_status":"closed","ping_status":"closed","template":"elementor_theme","meta":{"om_disable_all_campaigns":false,"_monsterinsights_skip_tracking":false,"_monsterinsights_sitenote_active":false,"_monsterinsights_sitenote_note":"","_monsterinsights_sitenote_category":0,"site-sidebar-layout":"no-sidebar","site-content-layout":"","ast-site-content-layout":"default","site-content-style":"default","site-sidebar-style":"default","ast-global-header-display":"","ast-banner-title-visibility":"","ast-main-header-display":"","ast-hfb-above-header-display":"","ast-hfb-below-header-display":"","ast-hfb-mobile-header-display":"","site-post-title":"disabled","ast-breadcrumbs-content":"","ast-featured-img":"","footer-sml-layout":"","ast-disable-related-posts":"","theme-transparent-header-meta":"","adv-header-id-meta":"","stick-header-meta":"","header-above-stick-meta":"","header-main-stick-meta":"","header-below-stick-meta":"","astra-migrate-meta-layouts":"set","ast-page-background-enabled":"default","ast-page-background-meta":{"desktop":{"background-color":"var(--ast-global-color-4)","background-image":"","background-repeat":"repeat","background-position":"center center","background-size":"auto","background-attachment":"scroll","background-type":"","background-media":"","overlay-type":"","overlay-color":"","overlay-opacity":"","overlay-gradient":""},"tablet":{"background-color":"","background-image":"","background-repeat":"repeat","background-position":"center center","background-size":"auto","background-attachment":"scroll","background-type":"","background-media":"","overlay-type":"","overlay-color":"","overlay-opacity":"","overlay-gradient":""},"mobile":{"background-color":"","background-image":"","background-repeat":"repeat","background-position":"center center","background-size":"auto","background-attachment":"scroll","background-type":"","background-media":"","overlay-type":"","overlay-color":"","overlay-opacity":"","overlay-gradient":""}},"ast-content-background-meta":{"desktop":{"background-color":"var(--ast-global-color-5)","background-image":"","background-repeat":"repeat","background-position":"center center","background-size":"auto","background-attachment":"scroll","background-type":"","background-media":"","overlay-type":"","overlay-color":"","overlay-opacity":"","overlay-gradient":""},"tablet":{"background-color":"var(--ast-global-color-5)","background-image":"","background-repeat":"repeat","background-position":"center center","background-size":"auto","background-attachment":"scroll","background-type":"","background-media":"","overlay-type":"","overlay-color":"","overlay-opacity":"","overlay-gradient":""},"mobile":{"background-color":"var(--ast-global-color-5)","background-image":"","background-repeat":"repeat","background-position":"center center","background-size":"auto","background-attachment":"scroll","background-type":"","background-media":"","overlay-type":"","overlay-color":"","overlay-opacity":"","overlay-gradient":""}},"footnotes":""},"class_list":["post-4769","page","type-page","status-publish","hentry"],"aioseo_notices":[],"_links":{"self":[{"href":"https:\/\/controller360.com.br\/index.php?rest_route=\/wp\/v2\/pages\/4769","targetHints":{"allow":["GET"]}}],"collection":[{"href":"https:\/\/controller360.com.br\/index.php?rest_route=\/wp\/v2\/pages"}],"about":[{"href":"https:\/\/controller360.com.br\/index.php?rest_route=\/wp\/v2\/types\/page"}],"author":[{"embeddable":true,"href":"https:\/\/controller360.com.br\/index.php?rest_route=\/wp\/v2\/users\/3"}],"replies":[{"embeddable":true,"href":"https:\/\/controller360.com.br\/index.php?rest_route=%2Fwp%2Fv2%2Fcomments&post=4769"}],"version-history":[{"count":3,"href":"https:\/\/controller360.com.br\/index.php?rest_route=\/wp\/v2\/pages\/4769\/revisions"}],"predecessor-version":[{"id":4798,"href":"https:\/\/controller360.com.br\/index.php?rest_route=\/wp\/v2\/pages\/4769\/revisions\/4798"}],"wp:attachment":[{"href":"https:\/\/controller360.com.br\/index.php?rest_route=%2Fwp%2Fv2%2Fmedia&parent=4769"}],"curies":[{"name":"wp","href":"https:\/\/api.w.org\/{rel}","templated":true}]}}